{"id":2,"date":"2023-12-30T10:13:52","date_gmt":"2023-12-30T10:13:52","guid":{"rendered":"https:\/\/frank-remax.de\/?page_id=2"},"modified":"2023-12-30T12:03:08","modified_gmt":"2023-12-30T12:03:08","slug":"sample-page","status":"publish","type":"page","link":"https:\/\/frank-remax.de\/?page_id=2","title":{"rendered":"Buchen Sie Ihren Besichtigungstermin"},"content":{"rendered":"\n<p>Guten Tag und Willkommen auf meiner Buchungsseite. Bei ausgew\u00e4hlten Objekten ist es effektiver und f\u00fcr die Beteiligten einfacher Ihren Termin f\u00fcr die Besichtigung der Immobilie online zu gestalten. Oft sind wir durch die \u00f6rtlichen Gegebenheiten etwas eingeengt, ob dies die Gr\u00f6\u00dfe der R\u00e4umlichkeiten oder insbesondere die R\u00fccksicht auf die Bewohner bzw. Mieter sind.<\/p>\n\n\n\n<p>\u00dcber die Onlinebuchung werden wir diesen Umst\u00e4nden gerecht.<\/p>\n\n\n<p><a href=\"https:\/\/frank-remax.de\/?p=1\" target=\"_blank\" rel=\"noopener\">\u00a0Zur Buchung: St. Wendel Br\u00fchlstra\u00dfe 19<\/a><\/p>","protected":false},"excerpt":{"rendered":"<p>Guten Tag und Willkommen auf meiner Buchungsseite. Bei ausgew\u00e4hlten Objekten ist es effektiver und f\u00fcr die Beteiligten einfacher Ihren Termin f\u00fcr die Besichtigung der Immobilie online zu gestalten. Oft sind wir durch die \u00f6rtlichen Gegebenheiten etwas eingeengt, ob dies die Gr\u00f6\u00dfe der R\u00e4umlichkeiten oder insbesondere die R\u00fccksicht auf die Bewohner bzw. Mieter sind. \u00dcber die [&hellip;]<\/p>\n","protected":false},"author":1,"featured_media":0,"parent":0,"menu_order":0,"comment_status":"closed","ping_status":"open","template":"","meta":{"footnotes":""},"jetpack_sharing_enabled":true,"_links":{"self":[{"href":"https:\/\/frank-remax.de\/index.php?rest_route=\/wp\/v2\/pages\/2"}],"collection":[{"href":"https:\/\/frank-remax.de\/index.php?rest_route=\/wp\/v2\/pages"}],"about":[{"href":"https:\/\/frank-remax.de\/index.php?rest_route=\/wp\/v2\/types\/page"}],"author":[{"embeddable":true,"href":"https:\/\/frank-remax.de\/index.php?rest_route=\/wp\/v2\/users\/1"}],"replies":[{"embeddable":true,"href":"https:\/\/frank-remax.de\/index.php?rest_route=%2Fwp%2Fv2%2Fcomments&post=2"}],"version-history":[{"count":5,"href":"https:\/\/frank-remax.de\/index.php?rest_route=\/wp\/v2\/pages\/2\/revisions"}],"predecessor-version":[{"id":32,"href":"https:\/\/frank-remax.de\/index.php?rest_route=\/wp\/v2\/pages\/2\/revisions\/32"}],"wp:attachment":[{"href":"https:\/\/frank-remax.de\/index.php?rest_route=%2Fwp%2Fv2%2Fmedia&parent=2"}],"curies":[{"name":"wp","href":"https:\/\/api.w.org\/{rel}","templated":true}]}}